{"id":23,"date":"2021-10-05T11:54:13","date_gmt":"2021-10-05T09:54:13","guid":{"rendered":"https:\/\/lachataigneraie.fr\/menucourt\/?page_id=23"},"modified":"2023-05-09T13:33:55","modified_gmt":"2023-05-09T11:33:55","slug":"cgu","status":"publish","type":"page","link":"https:\/\/lachataigneraie.fr\/menucourt\/cgu\/","title":{"rendered":"Les Conditions G\u00e9n\u00e9rales d&rsquo;Utilisation"},"content":{"rendered":"<p>[et_pb_section fb_built=\u00a0\u00bb1&Prime; _builder_version=\u00a0\u00bb4.16&Prime; global_colors_info=\u00a0\u00bb{}\u00a0\u00bb][et_pb_row _builder_version=\u00a0\u00bb4.16&Prime; background_size=\u00a0\u00bbinitial\u00a0\u00bb background_position=\u00a0\u00bbtop_left\u00a0\u00bb background_repeat=\u00a0\u00bbrepeat\u00a0\u00bb global_colors_info=\u00a0\u00bb{}\u00a0\u00bb][et_pb_column type=\u00a0\u00bb4_4&Prime; _builder_version=\u00a0\u00bb4.16&Prime; custom_padding=\u00a0\u00bb|||\u00a0\u00bb global_colors_info=\u00a0\u00bb{}\u00a0\u00bb custom_padding__hover=\u00a0\u00bb|||\u00a0\u00bb][et_pb_post_title meta=\u00a0\u00bboff\u00a0\u00bb featured_image=\u00a0\u00bboff\u00a0\u00bb _builder_version=\u00a0\u00bb4.17.4&Prime; _module_preset=\u00a0\u00bbdefault\u00a0\u00bb global_colors_info=\u00a0\u00bb{}\u00a0\u00bb][\/et_pb_post_title][et_pb_text _builder_version=\u00a0\u00bb4.17.4&Prime; _module_preset=\u00a0\u00bbdefault\u00a0\u00bb global_colors_info=\u00a0\u00bb{}\u00a0\u00bb]<\/p>\n<p> Le pr\u00e9sent document a pour objet de d\u00e9finir les modalit\u00e9s et conditions dans lesquelles d\u2019une part, <em>La Ch\u00e2taigneraie &#8211; Menucourt<\/em>, ci-apr\u00e8s d\u00e9nomm\u00e9 l\u2019\u00c9DITEUR, met \u00e0 la disposition de ses utilisateurs le site, et les services disponibles sur le site et d\u2019autre part, la mani\u00e8re par laquelle l\u2019utilisateur acc\u00e8de au site et utilise ses services. <\/p>\n<p>Toute connexion au site est subordonn\u00e9e au respect des pr\u00e9sentes conditions.<\/p>\n<p> Pour l\u2019utilisateur, le simple acc\u00e8s au site de l\u2019\u00c9DITEUR \u00e0 l\u2019adresse <abbr title=\"Uniform Resource Locator\">URL<\/abbr> suivante <em>https:\/\/lachataigneraie.fr\/menucourt<\/em> implique l\u2019acceptation de l\u2019ensemble des conditions d\u00e9crites ci-apr\u00e8s.<\/p>\n<p>[\/et_pb_text][et_pb_text ul_type=\u00a0\u00bbnone\u00a0\u00bb _builder_version=\u00a0\u00bb4.17.4&Prime; _module_preset=\u00a0\u00bbdefault\u00a0\u00bb global_colors_info=\u00a0\u00bb{}\u00a0\u00bb]<\/p>\n<h3 id=\"propriete_intellectuelle\">Propri\u00e9t\u00e9 intellectuelle<\/h3>\n<p> Aucune reproduction, m\u00eame partielle pr\u00e9vue \u00e0 l\u2019article L.122-5 du Code de la propri\u00e9t\u00e9 intellectuelle, ne peut \u00eatre faite de ce site sans l\u2019autorisation du directeur de publication. <\/p>\n<p>[\/et_pb_text][et_pb_text ul_type=\u00a0\u00bbnone\u00a0\u00bb _builder_version=\u00a0\u00bb4.17.4&Prime; _module_preset=\u00a0\u00bbdefault\u00a0\u00bb global_colors_info=\u00a0\u00bb{}\u00a0\u00bb]<\/p>\n<h3 id=\"liens_hypertextes\">Liens hypertextes<\/h3>\n<p>Le site <em>https:\/\/lachataigneraie.fr\/menucourt<\/em> peut contenir des liens hypertextes vers d\u2019autres sites pr\u00e9sents sur le r\u00e9seau Internet. Les liens vers ces autres ressources vous font quitter le site <em>https:\/\/lachataigneraie.fr\/menucourt<\/em>.<\/p>\n<p>La mise en place d\u2019un lien hypertexte vers le site Internet <em>https:\/\/lachataigneraie.fr\/menucourt<\/em> n\u00e9cessite une autorisation pr\u00e9alable et \u00e9crite \u00e0 <em>Association La Ch\u00e2taigneraie<\/em>.<br \/>\n<a href=\"https:\/\/lachataigneraie.fr\/menucourt\/contact-menucourt\/\">lien vers la page contact<\/a><\/p>\n<p>[\/et_pb_text][et_pb_text ul_type=\u00a0\u00bbsquare\u00a0\u00bb _builder_version=\u00a0\u00bb4.17.4&Prime; _module_preset=\u00a0\u00bbdefault\u00a0\u00bb global_colors_info=\u00a0\u00bb{}\u00a0\u00bb]<\/p>\n<h3 id=\"responsabilite_de_l_editeur\">Responsabilit\u00e9 de l\u2019\u00e9diteur<\/h3>\n<ul>\n<li> Les informations et\/ou documents figurant sur ce site et\/ou accessibles par ce site proviennent de sources consid\u00e9r\u00e9es comme \u00e9tant fiables. <\/li>\n<li> Toutefois, ces informations et\/ou documents sont susceptibles de contenir des inexactitudes techniques et des erreurs typographiques. <\/li>\n<li> L\u2019\u00c9DITEUR se r\u00e9serve le droit de les corriger, d\u00e8s que ces erreurs sont port\u00e9es \u00e0 sa connaissance. <\/li>\n<li> Il est fortement recommand\u00e9 de v\u00e9rifier l\u2019exactitude et la pertinence des informations et\/ou documents mis \u00e0 disposition sur ce site. <\/li>\n<li> Les informations et\/ou documents disponibles sur ce site sont susceptibles d\u2019\u00eatre modifi\u00e9s \u00e0 tout moment, et peuvent avoir fait l\u2019objet de mises \u00e0 jour. En particulier, ils peuvent avoir fait l\u2019objet d\u2019une mise \u00e0 jour entre le moment de leur t\u00e9l\u00e9chargement et celui o\u00f9 l\u2019utilisateur en prend connaissance. <\/li>\n<li> L\u2019utilisation des informations et\/ou documents disponibles sur ce site se fait sous l\u2019enti\u00e8re et seule  responsabilit\u00e9 de l\u2019utilisateur, qui assume la totalit\u00e9 des cons\u00e9quences pouvant en d\u00e9couler, sans que l\u2019\u00c9DITEUR puisse \u00eatre recherch\u00e9 \u00e0 ce titre, et sans recours contre ce dernier. <\/li>\n<li> L\u2019\u00c9DITEUR ne pourra en aucun cas \u00eatre tenu responsable de tout dommage de quelque nature qu\u2019il soit  r\u00e9sultant de l\u2019interpr\u00e9tation ou de l\u2019utilisation des informations et\/ou  documents disponibles sur ce site.<\/li>\n<\/ul>\n<p>[\/et_pb_text][et_pb_text ul_type=\u00a0\u00bbsquare\u00a0\u00bb _builder_version=\u00a0\u00bb4.17.4&Prime; _module_preset=\u00a0\u00bbdefault\u00a0\u00bb global_colors_info=\u00a0\u00bb{}\u00a0\u00bb]<\/p>\n<h3 id=\"acces_au_site\">Acc\u00e8s au site<\/h3>\n<ul>\n<li> L\u2019\u00c9DITEUR s\u2019efforce de permettre l\u2019acc\u00e8s au site 24 heures sur 24, 7 jours sur 7, sauf en cas de force majeure ou d\u2019un \u00e9v\u00e9nement hors du contr\u00f4le de l\u2019\u00c9DITEUR, et sous r\u00e9serve des \u00e9ventuelles pannes et interventions de maintenance n\u00e9cessaires au bon fonctionnement du site et des services.<\/li>\n<li> Par cons\u00e9quent, l\u2019\u00c9DITEUR ne peut garantir une disponibilit\u00e9 du site et\/ou des services, une fiabilit\u00e9 des  transmissions et des performances en terme de temps de r\u00e9ponse ou de qualit\u00e9. Il n\u2019est pr\u00e9vu aucune assistance technique vis \u00e0 vis de l\u2019utilisateur que ce soit par des moyens \u00e9lectronique ou t\u00e9l\u00e9phonique.<\/li>\n<li> La responsabilit\u00e9 de l\u2019\u00e9diteur ne saurait \u00eatre engag\u00e9e en cas d\u2019impossibilit\u00e9 d\u2019acc\u00e8s \u00e0 ce site et\/ou d\u2019utilisation des services.<\/li>\n<li> Par ailleurs, l\u2019\u00c9DITEUR peut \u00eatre amen\u00e9 \u00e0 interrompre le site ou une partie des services, \u00e0 tout moment sans pr\u00e9avis, le tout sans droit \u00e0 indemnit\u00e9s. L\u2019utilisateur reconna\u00eet et accepte que l\u2019\u00c9DITEUR ne soit pas responsable des interruptions, et des cons\u00e9quences qui peuvent en d\u00e9couler pour l\u2019utilisateur ou tout tiers.<\/li>\n<\/ul>\n<p>[\/et_pb_text][et_pb_text _builder_version=\u00a0\u00bb4.17.4&Prime; _module_preset=\u00a0\u00bbdefault\u00a0\u00bb global_colors_info=\u00a0\u00bb{}\u00a0\u00bb]<\/p>\n<h3 id=\"modification_des_conditions_d_utilisation\">Modification des conditions d\u2019utilisation<\/h3>\n<p>L\u2019\u00c9DITEUR se r\u00e9serve la possibilit\u00e9 de modifier, \u00e0 tout moment et sans pr\u00e9avis, les pr\u00e9sentes conditions  d\u2019utilisation afin de les adapter aux \u00e9volutions du site et\/ou de son exploitation.<\/p>\n<p>[\/et_pb_text][et_pb_text ul_type=\u00a0\u00bbsquare\u00a0\u00bb _builder_version=\u00a0\u00bb4.17.4&Prime; _module_preset=\u00a0\u00bbdefault\u00a0\u00bb global_colors_info=\u00a0\u00bb{}\u00a0\u00bb]<\/p>\n<h3 id=\"regles_d_usage_d_internet\">R\u00e8gles d\u2019usage d\u2019Internet<\/h3>\n<p>L\u2019utilisateur d\u00e9clare accepter les caract\u00e9ristiques et les limites d\u2019Internet, et notamment reconna\u00eet que : <\/p>\n<ul>\n<li> L\u2019\u00c9DITEUR n\u2019assume aucune responsabilit\u00e9 sur les services accessibles par Internet et n\u2019exerce aucun contr\u00f4le de quelque forme que ce soit sur la nature et les caract\u00e9ristiques des donn\u00e9es qui pourraient transiter par l\u2019interm\u00e9diaire de son centre serveur.<\/li>\n<li> L\u2019utilisateur reconna\u00eet que les donn\u00e9es circulant sur Internet ne sont pas prot\u00e9g\u00e9es notamment contre les d\u00e9tournements \u00e9ventuels. La pr\u00e9sence du logo <em>La Ch\u00e2taigneraie Menucourt<\/em> institue une pr\u00e9somption simple de validit\u00e9. La communication de toute information jug\u00e9e par l\u2019utilisateur de nature sensible ou confidentielle se fait \u00e0 ses risques et p\u00e9rils.<\/li>\n<li> L\u2019utilisateur reconna\u00eet que les donn\u00e9es circulant sur Internet peuvent \u00eatre r\u00e9glement\u00e9es en termes d\u2019usage ou \u00eatre prot\u00e9g\u00e9es par un droit de propri\u00e9t\u00e9.<\/li>\n<li> L\u2019utilisateur est seul responsable de l\u2019usage des donn\u00e9es qu\u2019il consulte, interroge et transf\u00e8re sur Internet.<\/li>\n<li> L\u2019utilisateur reconna\u00eet que l\u2019\u00c9DITEUR ne dispose d\u2019aucun moyen de contr\u00f4le sur le contenu des services accessibles sur Internet.<\/li>\n<\/ul>\n<p>[\/et_pb_text][et_pb_text ul_type=\u00a0\u00bbsquare\u00a0\u00bb _builder_version=\u00a0\u00bb4.21.0&Prime; text_font=\u00a0\u00bb||||||||\u00a0\u00bb background_size=\u00a0\u00bbinitial\u00a0\u00bb background_position=\u00a0\u00bbtop_left\u00a0\u00bb background_repeat=\u00a0\u00bbrepeat\u00a0\u00bb hover_enabled=\u00a0\u00bb0&Prime; global_colors_info=\u00a0\u00bb{}\u00a0\u00bb sticky_enabled=\u00a0\u00bb0&Prime;]<\/p>\n<h3 id=\"droit_applicable\">Droit applicable<\/h3>\n<ul>\n<li> Tant le pr\u00e9sent site que les modalit\u00e9s et conditions de son utilisation sont r\u00e9gis par le droit fran\u00e7ais, quel que soit le lieu d\u2019utilisation. En cas de contestation \u00e9ventuelle, et apr\u00e8s l\u2019\u00e9chec de toute tentative de recherche d\u2019une  solution amiable, les tribunaux fran\u00e7ais seront seuls comp\u00e9tents pour conna\u00eetre de ce litige.<\/li>\n<li> Pour toute question relative aux pr\u00e9sentes conditions d\u2019utilisation du site, vous pouvez nous \u00e9crire \u00e0 l\u2019adresse suivante : <\/li>\n<\/ul>\n<p style=\"text-align:center;\">\n<em>CHRRF La Ch\u00e2taigneraie<br \/>\nRue Bernard Astruc 95180 MENUCOURT<\/em><\/p>\n<p>[\/et_pb_text][\/et_pb_column][\/et_pb_row][\/et_pb_section]<\/p>\n","protected":false},"excerpt":{"rendered":"<p>Le pr\u00e9sent document a pour objet de d\u00e9finir les modalit\u00e9s et conditions dans lesquelles d\u2019une part, La Ch\u00e2taigneraie &#8211; Menucourt, ci-apr\u00e8s d\u00e9nomm\u00e9 l\u2019\u00c9DITEUR, met \u00e0 la disposition de ses utilisateurs le site, et les services disponibles sur le site et d\u2019autre part, la mani\u00e8re par laquelle l\u2019utilisateur acc\u00e8de au site et utilise ses services. Toute [&hellip;]<\/p>\n","protected":false},"author":9,"featured_media":0,"parent":0,"menu_order":0,"comment_status":"closed","ping_status":"closed","template":"","meta":{"_seopress_robots_primary_cat":"","_seopress_titles_title":"CGU - %%sitetitle%%","_seopress_titles_desc":"La Ch\u00e2taigneraie Menucourt - Conditions g\u00e9n\u00e9rales d&#039;utilisation","_seopress_robots_index":"","_et_pb_use_builder":"on","_et_pb_old_content":"<!-- wp:themeisle-blocks\/advanced-columns {\"id\":\"wp-block-themeisle-blocks-advanced-columns-469989be\",\"columns\":1,\"layout\":\"equal\",\"paddingTablet\":20,\"paddingMobile\":20,\"paddingTopTablet\":20,\"paddingTopMobile\":20,\"paddingRightTablet\":20,\"paddingRightMobile\":20,\"paddingBottomTablet\":20,\"paddingBottomMobile\":20,\"paddingLeftTablet\":20,\"paddingLeftMobile\":20,\"marginTablet\":20,\"marginMobile\":20,\"marginTopTablet\":20,\"marginTopMobile\":20,\"marginBottomTablet\":20,\"marginBottomMobile\":20,\"align\":\"wide\"} -->\n<div class=\"wp-block-themeisle-blocks-advanced-columns alignwide has-1-columns has-desktop-equal-layout has-tablet-equal-layout has-mobile-equal-layout has-default-gap has-vertical-unset\" id=\"wp-block-themeisle-blocks-advanced-columns-469989be\"><div class=\"wp-block-themeisle-blocks-advanced-columns-overlay\"><\/div><div class=\"innerblocks-wrap\"><!-- wp:themeisle-blocks\/advanced-column {\"id\":\"wp-block-themeisle-blocks-advanced-column-49003ee0\",\"paddingTablet\":20,\"paddingMobile\":20,\"paddingTopTablet\":20,\"paddingTopMobile\":20,\"paddingRightTablet\":20,\"paddingRightMobile\":20,\"paddingBottomTablet\":20,\"paddingBottomMobile\":20,\"paddingLeftTablet\":20,\"paddingLeftMobile\":20,\"marginTablet\":20,\"marginMobile\":20,\"marginTopTablet\":20,\"marginTopMobile\":20,\"marginRightTablet\":0,\"marginRightMobile\":0,\"marginBottomTablet\":20,\"marginBottomMobile\":20,\"marginLeftTablet\":0,\"marginLeftMobile\":0,\"columnWidth\":\"100\"} -->\n<div class=\"wp-block-themeisle-blocks-advanced-column\" id=\"wp-block-themeisle-blocks-advanced-column-49003ee0\"><!-- wp:paragraph -->\n<p> Le pr\u00e9sent document a pour objet de d\u00e9finir les modalit\u00e9s et conditions dans lesquelles d\u2019une part, <em>[Nom du site web]<\/em>, ci-apr\u00e8s d\u00e9nomm\u00e9 l\u2019\u00c9DITEUR, met \u00e0 la disposition de ses utilisateurs le site, et les services disponibles sur le site et d\u2019autre part, la mani\u00e8re par laquelle l\u2019utilisateur acc\u00e8de au site et utilise ses services. <\/p>\n<!-- \/wp:paragraph -->\n\n<!-- wp:paragraph -->\n<p>\nToute connexion au site est subordonn\u00e9e au respect des pr\u00e9sentes conditions.\n<\/p>\n<!-- \/wp:paragraph -->\n\n<!-- wp:paragraph -->\n<p> Pour l\u2019utilisateur, le simple acc\u00e8s au site de l\u2019\u00c9DITEUR \u00e0 l\u2019adresse <abbr title=\"Uniform Resource Locator\">URL<\/abbr> suivante <em>[<abbr title=\"Uniform Resource Locator\">URL<\/abbr> du site web]<\/em> implique l\u2019acceptation de l\u2019ensemble des conditions d\u00e9crites ci-apr\u00e8s. <\/p>\n<!-- \/wp:paragraph -->\n\n<!-- wp:heading {\"level\":3} -->\n<h3 id=\"propriete_intellectuelle\">Propri\u00e9t\u00e9 intellectuelle<\/h3>\n<!-- \/wp:heading -->\n\n<!-- wp:list -->\n<ul><li> Aucune reproduction, m\u00eame partielle pr\u00e9vue \u00e0 l\u2019article L.122-5 du Code de la propri\u00e9t\u00e9 intellectuelle, ne peut \u00eatre faite de ce site sans l\u2019autorisation du directeur de publication. <\/li><\/ul>\n<!-- \/wp:list -->\n\n<!-- wp:heading {\"level\":3} -->\n<h3 id=\"liens_hypertextes\">Liens hypertextes<\/h3>\n<!-- \/wp:heading -->\n\n<!-- wp:list -->\n<ul><li> Le site <em>[<abbr title=\"Uniform Resource Locator\">URL<\/abbr> du site web]<\/em> peut contenir des liens hypertextes vers d\u2019autres sites pr\u00e9sents sur le r\u00e9seau Internet. Les liens vers ces autres ressources vous font quitter le site <em>[<abbr title=\"Uniform Resource Locator\">URL<\/abbr> du site web]<\/em>. <\/li><\/ul>\n<!-- \/wp:list -->\n\n<!-- wp:paragraph -->\n<p>\nAU CHOIX \u21d2\n<\/p>\n<!-- \/wp:paragraph -->\n\n<!-- wp:list -->\n<ul><li> Il est possible de cr\u00e9er un lien vers la page de pr\u00e9sentation de ce site sans autorisation expresse de l\u2019\u00c9DITEUR. Aucune autorisation ou demande d\u2019information pr\u00e9alable ne peut \u00eatre exig\u00e9e par l\u2019\u00e9diteur \u00e0 l\u2019\u00e9gard d\u2019un site qui souhaite \u00e9tablir un lien vers le site de l\u2019\u00e9diteur. Il convient toutefois d\u2019afficher ce site dans une nouvelle fen\u00eatre du navigateur. Cependant, l\u2019\u00c9DITEUR se r\u00e9serve le droit de demander la suppression d\u2019un lien qu\u2019il estime non  conforme \u00e0 l\u2019objet du site <em>[<abbr title=\"Uniform Resource Locator\">URL<\/abbr> du site web]<\/em>. <\/li><\/ul>\n<!-- \/wp:list -->\n\n<!-- wp:paragraph -->\n<p>\nOU\n<\/p>\n<!-- \/wp:paragraph -->\n\n<!-- wp:list -->\n<ul><li> La mise en place d\u2019un lien hypertexte vers le site Internet <em>[<abbr title=\"Uniform Resource Locator\">URL<\/abbr> du site web]<\/em> n\u00e9cessite une autorisation pr\u00e9alable et \u00e9crite \u00e0 <em>[Nom de l'entit\u00e9]<\/em>.\n<\/li><\/ul>\n<!-- \/wp:list -->\n\n<!-- wp:heading {\"level\":3} -->\n<h3 id=\"responsabilite_de_l_editeur\">Responsabilit\u00e9 de l\u2019\u00e9diteur<\/h3>\n<!-- \/wp:heading -->\n\n<!-- wp:list -->\n<ul><li> Les informations et\/ou documents figurant sur ce site et\/ou accessibles par ce site proviennent de sources consid\u00e9r\u00e9es comme \u00e9tant fiables. <\/li><li> Toutefois, ces informations et\/ou documents sont susceptibles de contenir des inexactitudes techniques et des erreurs typographiques. <\/li><li> L\u2019\u00c9DITEUR se r\u00e9serve le droit de les corriger, d\u00e8s que ces erreurs sont port\u00e9es \u00e0 sa connaissance. <\/li><li> Il est fortement recommand\u00e9 de v\u00e9rifier l\u2019exactitude et la pertinence des informations et\/ou documents mis \u00e0 disposition sur ce site. <\/li><li> Les informations et\/ou documents disponibles sur ce site sont susceptibles d\u2019\u00eatre modifi\u00e9s \u00e0 tout moment, et peuvent avoir fait l\u2019objet de mises \u00e0 jour. En particulier, ils peuvent avoir fait l\u2019objet d\u2019une mise \u00e0 jour entre le moment de leur t\u00e9l\u00e9chargement et celui o\u00f9 l\u2019utilisateur en prend connaissance. <\/li><li> L\u2019utilisation des informations et\/ou documents disponibles sur ce site se fait sous l\u2019enti\u00e8re et seule  responsabilit\u00e9 de l\u2019utilisateur, qui assume la totalit\u00e9 des cons\u00e9quences pouvant en d\u00e9couler, sans que l\u2019\u00c9DITEUR puisse \u00eatre recherch\u00e9 \u00e0 ce titre, et sans recours contre ce dernier. <\/li><li> L\u2019\u00c9DITEUR ne pourra en aucun cas \u00eatre tenu responsable de tout dommage de quelque nature qu\u2019il soit  r\u00e9sultant de l\u2019interpr\u00e9tation ou de l\u2019utilisation des informations et\/ou  documents disponibles sur ce site. <\/li><\/ul>\n<!-- \/wp:list -->\n\n<!-- wp:heading {\"level\":3} -->\n<h3 id=\"acces_au_site\">Acc\u00e8s au site<\/h3>\n<!-- \/wp:heading -->\n\n<!-- wp:list -->\n<ul><li> L\u2019\u00c9DITEUR s\u2019efforce de permettre l\u2019acc\u00e8s au site 24 heures sur 24, 7 jours sur 7, sauf en cas de force majeure ou d\u2019un \u00e9v\u00e9nement hors du contr\u00f4le de l\u2019\u00c9DITEUR, et sous r\u00e9serve des \u00e9ventuelles pannes et interventions de maintenance n\u00e9cessaires au bon fonctionnement du site et des services.<\/li><li> Par cons\u00e9quent, l\u2019\u00c9DITEUR ne peut garantir une disponibilit\u00e9 du site et\/ou des services, une fiabilit\u00e9 des  transmissions et des performances en terme de temps de r\u00e9ponse ou de qualit\u00e9. Il n\u2019est pr\u00e9vu aucune assistance technique vis \u00e0 vis de l\u2019utilisateur que ce soit par des moyens \u00e9lectronique ou t\u00e9l\u00e9phonique.<\/li><li> La responsabilit\u00e9 de l\u2019\u00e9diteur ne saurait \u00eatre engag\u00e9e en cas d\u2019impossibilit\u00e9 d\u2019acc\u00e8s \u00e0 ce site et\/ou d\u2019utilisation des services.<\/li><li> Par ailleurs, l\u2019\u00c9DITEUR peut \u00eatre amen\u00e9 \u00e0 interrompre le site ou une partie des services, \u00e0 tout moment sans pr\u00e9avis, le tout sans droit \u00e0 indemnit\u00e9s. L\u2019utilisateur reconna\u00eet et accepte que l\u2019\u00c9DITEUR ne soit pas responsable des interruptions, et des cons\u00e9quences qui peuvent en d\u00e9couler pour l\u2019utilisateur ou tout tiers.<\/li><\/ul>\n<!-- \/wp:list -->\n\n<!-- wp:heading {\"level\":3} -->\n<h3 id=\"modification_des_conditions_d_utilisation\">Modification des conditions d\u2019utilisation<\/h3>\n<!-- \/wp:heading -->\n\n<!-- wp:list -->\n<ul><li> L\u2019\u00c9DITEUR se r\u00e9serve la possibilit\u00e9 de modifier, \u00e0 tout moment et sans pr\u00e9avis, les pr\u00e9sentes conditions  d\u2019utilisation afin de les adapter aux \u00e9volutions du site et\/ou de son exploitation.<\/li><\/ul>\n<!-- \/wp:list -->\n\n<!-- wp:heading {\"level\":3} -->\n<h3 id=\"regles_d_usage_d_internet\">R\u00e8gles d\u2019usage d\u2019Internet<\/h3>\n<!-- \/wp:heading -->\n\n<!-- wp:paragraph -->\n<p>L\u2019utilisateur d\u00e9clare accepter les caract\u00e9ristiques et les limites d\u2019Internet, et notamment reconna\u00eet que : <\/p>\n<!-- \/wp:paragraph -->\n\n<!-- wp:list -->\n<ul><li> L\u2019\u00c9DITEUR n\u2019assume aucune responsabilit\u00e9 sur les services accessibles par Internet et n\u2019exerce aucun contr\u00f4le de quelque forme que ce soit sur la nature et les caract\u00e9ristiques des donn\u00e9es qui pourraient transiter par l\u2019interm\u00e9diaire de son centre serveur.<\/li><li> L\u2019utilisateur reconna\u00eet que les donn\u00e9es circulant sur Internet ne sont pas prot\u00e9g\u00e9es notamment contre les d\u00e9tournements \u00e9ventuels. La pr\u00e9sence du logo <em>[Nom du site web]<\/em> institue une pr\u00e9somption simple de validit\u00e9. La communication de toute information jug\u00e9e par l\u2019utilisateur de nature sensible ou confidentielle se fait \u00e0 ses risques et p\u00e9rils.<\/li><li> L\u2019utilisateur reconna\u00eet que les donn\u00e9es circulant sur Internet peuvent \u00eatre r\u00e9glement\u00e9es en termes d\u2019usage ou \u00eatre prot\u00e9g\u00e9es par un droit de propri\u00e9t\u00e9.<\/li><li> L\u2019utilisateur est seul responsable de l\u2019usage des donn\u00e9es qu\u2019il consulte, interroge et transf\u00e8re sur Internet.<\/li><li> L\u2019utilisateur reconna\u00eet que l\u2019\u00c9DITEUR ne dispose d\u2019aucun moyen de contr\u00f4le sur le contenu des services accessibles sur Internet.<\/li><\/ul>\n<!-- \/wp:list -->\n\n<!-- wp:heading {\"level\":3} -->\n<h3 id=\"droit_applicable\">Droit applicable<\/h3>\n<!-- \/wp:heading -->\n\n<!-- wp:list -->\n<ul><li> Tant le pr\u00e9sent site que les modalit\u00e9s et conditions de son utilisation sont r\u00e9gis par le droit fran\u00e7ais, quel que soit le lieu d\u2019utilisation. En cas de contestation \u00e9ventuelle, et apr\u00e8s l\u2019\u00e9chec de toute tentative de recherche d\u2019une  solution amiable, les tribunaux fran\u00e7ais seront seuls comp\u00e9tents pour conna\u00eetre de ce litige.<\/li><li> Pour toute question relative aux pr\u00e9sentes conditions d\u2019utilisation du site, vous pouvez nous \u00e9crire \u00e0 l\u2019adresse suivante : <\/li><\/ul>\n<!-- \/wp:list -->\n\n<!-- wp:paragraph -->\n<p>\n<em>[Nom et Adresse postale du responsable du site web]<\/em>\n<\/p>\n<!-- \/wp:paragraph --><\/div>\n<!-- \/wp:themeisle-blocks\/advanced-column --><\/div><\/div>\n<!-- \/wp:themeisle-blocks\/advanced-columns -->","_et_gb_content_width":"","footnotes":""},"class_list":["post-23","page","type-page","status-publish","hentry"],"_links":{"self":[{"href":"https:\/\/lachataigneraie.fr\/menucourt\/wp-json\/wp\/v2\/pages\/23","targetHints":{"allow":["GET"]}}],"collection":[{"href":"https:\/\/lachataigneraie.fr\/menucourt\/wp-json\/wp\/v2\/pages"}],"about":[{"href":"https:\/\/lachataigneraie.fr\/menucourt\/wp-json\/wp\/v2\/types\/page"}],"author":[{"embeddable":true,"href":"https:\/\/lachataigneraie.fr\/menucourt\/wp-json\/wp\/v2\/users\/9"}],"replies":[{"embeddable":true,"href":"https:\/\/lachataigneraie.fr\/menucourt\/wp-json\/wp\/v2\/comments?post=23"}],"version-history":[{"count":21,"href":"https:\/\/lachataigneraie.fr\/menucourt\/wp-json\/wp\/v2\/pages\/23\/revisions"}],"predecessor-version":[{"id":5996,"href":"https:\/\/lachataigneraie.fr\/menucourt\/wp-json\/wp\/v2\/pages\/23\/revisions\/5996"}],"wp:attachment":[{"href":"https:\/\/lachataigneraie.fr\/menucourt\/wp-json\/wp\/v2\/media?parent=23"}],"curies":[{"name":"wp","href":"https:\/\/api.w.org\/{rel}","templated":true}]}}